{"id":86,"date":"2017-02-23T16:10:17","date_gmt":"2017-02-23T16:10:17","guid":{"rendered":"https:\/\/necmiusta.com\/?page_id=86"},"modified":"2022-10-19T20:25:07","modified_gmt":"2022-10-19T17:25:07","slug":"necmi-usta-doner-hakkimizda","status":"publish","type":"page","link":"https:\/\/necmiusta.com\/en\/necmi-usta-doner-hakkimizda\/","title":{"rendered":"about us"},"content":{"rendered":"<div data-vc-full-width=\"true\" data-vc-full-width-init=\"false\" class=\"vc_row wpb_row vc_row-fluid vc_custom_1489400340074 vc_row-has-fill vc_row-o-equal-height vc_row-o-content-middle vc_row-flex\"><div class=\"wpb_column vc_column_container vc_col-sm-12 sc_layouts_column_icons_position_left\"><div class=\"vc_column-inner\"><div class=\"wpb_wrapper\"><div class=\"vc_empty_space  height_large\"   style=\"height: 32px\"><span class=\"vc_empty_space_inner\"><\/span><\/div><\/div><\/div><\/div><div class=\"wpb_column vc_column_container vc_col-sm-4 sc_layouts_column_icons_position_left\"><div class=\"vc_column-inner\"><div class=\"wpb_wrapper\">\n\t<div  class=\"wpb_single_image wpb_content_element vc_align_center\">\n\t\t\n\t\t<figure class=\"wpb_wrapper vc_figure\">\n\t\t\t<div class=\"vc_single_image-wrapper   vc_box_border_grey\"><img width=\"500\" height=\"682\" src=\"https:\/\/i0.wp.com\/necmiusta.com\/wp-content\/uploads\/2022\/10\/ana-sayfa-doner.png?fit=500%2C682&amp;ssl=1\" class=\"vc_single_image-img attachment-large\" alt=\"\" decoding=\"async\" srcset=\"https:\/\/i0.wp.com\/necmiusta.com\/wp-content\/uploads\/2022\/10\/ana-sayfa-doner.png?w=500&amp;ssl=1 500w, https:\/\/i0.wp.com\/necmiusta.com\/wp-content\/uploads\/2022\/10\/ana-sayfa-doner.png?resize=220%2C300&amp;ssl=1 220w, https:\/\/i0.wp.com\/necmiusta.com\/wp-content\/uploads\/2022\/10\/ana-sayfa-doner.png?resize=370%2C505&amp;ssl=1 370w\" sizes=\"(max-width: 500px) 100vw, 500px\" \/><\/div>\n\t\t<\/figure>\n\t<\/div>\n<\/div><\/div><\/div><div class=\"wpb_column vc_column_container vc_col-sm-8 sc_layouts_column_icons_position_left\"><div class=\"vc_column-inner\"><div class=\"wpb_wrapper\"><div class=\"vc_empty_space  height_medium\"   style=\"height: 32px\"><span class=\"vc_empty_space_inner\"><\/span><\/div><div id=\"sc_title_1109595848\"\n\t\tclass=\"sc_title sc_title_default\"><h4 class=\"sc_item_title sc_title_title sc_align_left sc_item_title_style_default sc_item_title_tag\">Necmi Usta Doner Hall<\/h4><h6 class=\"sc_item_subtitle sc_title_subtitle sc_align_left sc_item_title_style_default\">Antakya Central Branch<\/h6><div class=\"sc_item_descr sc_title_descr sc_align_left\">Our journey to taste started in 1999 in a modest 40 square meter workplace located around the old bus station in Hatay\/Antakya. Our founder, Necmeddin USTURA, founded NECMI USTA D\u00d6NER SALON to offer a more delicious doner kebab. In 2004, it moved to a larger space on Bankalar Caddesi. Since its establishment in 1999, it has worked for many years with its own hands to present the flavor that it has created for a long time.<\/p>\n<p>While Master Necmi handed over the works to the masters he trained himself, including his son, he continued to follow and manage them in the background. He gave the secret of this magnificent taste only to his son Zeynel Abidin USTURA.<\/p>\n<p>Continuing its commercial life as a single branch until 2022, NECM\u0130 USTA D\u00d6NER SALONU opened its 2nd branch (LARA BRANCH) in Antalya \u00c7a\u011flayan Mahallesi in June 2022 under the management of Zeynel Abidin USTURA. Zeynel Abidin USTURA continues to implement the vision he received from his father, Necmeddin USTURA, in Antalya.<\/div><div class=\"sc_item_button sc_item_button_default sc_title_button sc_align_left sc_button_wrap\"><a href=\"\/en\/iletisim\/\" id=\"sc_button_1584978208\" class=\"sc_button sc_button_default sc_button_size_large sc_button_icon_left\"><span class=\"sc_button_text\"><span class=\"sc_button_title\">CONTACT INFORMATION<\/span><\/span><!-- \/.sc_button_text --><\/a><!-- \/.sc_button --><\/div><!-- \/.sc_item_button sc_item_button_default sc_title_button sc_align_left --><\/div><!-- \/.sc_title --><div class=\"vc_empty_space  height_medium\"   style=\"height: 32px\"><span class=\"vc_empty_space_inner\"><\/span><\/div><\/div><\/div><\/div><div class=\"wpb_column vc_column_container vc_col-sm-12 sc_layouts_column_icons_position_left\"><div class=\"vc_column-inner\"><div class=\"wpb_wrapper\"><div class=\"vc_empty_space  vc_custom_1489400898298 height_large\"   style=\"height: 32px\"><span class=\"vc_empty_space_inner\"><\/span><\/div><\/div><\/div><\/div><\/div><div class=\"vc_row-full-width vc_clearfix\"><\/div><div class=\"vc_row wpb_row vc_row-fluid\"><div class=\"wpb_column vc_column_container vc_col-sm-8 sc_layouts_column_icons_position_left\"><div class=\"vc_column-inner\"><div class=\"wpb_wrapper\"><h2 style=\"text-align: left\" class=\"vc_custom_heading\" >Our story...<\/h2><div class=\"vc_tta-container\" data-vc-action=\"collapse\"><div class=\"vc_general vc_tta vc_tta-tabs vc_tta-color-grey vc_tta-style-classic vc_tta-shape-rounded vc_tta-o-shape-group vc_tta-tabs-position-top vc_tta-controls-align-left\"><div class=\"vc_tta-tabs-container\"><ul class=\"vc_tta-tabs-list\"><li class=\"vc_tta-tab vc_active\" data-vc-tab><a href=\"#1665925090148-88225509-13a0\" data-vc-tabs data-vc-container=\".vc_tta\"><span class=\"vc_tta-title-text\">1999<\/span><\/a><\/li><li class=\"vc_tta-tab\" data-vc-tab><a href=\"#1665925090167-3e2c6504-a11c\" data-vc-tabs data-vc-container=\".vc_tta\"><span class=\"vc_tta-title-text\">2000<\/span><\/a><\/li><li class=\"vc_tta-tab\" data-vc-tab><a href=\"#1665925129163-aad56265-dd34\" data-vc-tabs data-vc-container=\".vc_tta\"><span class=\"vc_tta-title-text\">2004<\/span><\/a><\/li><li class=\"vc_tta-tab\" data-vc-tab><a href=\"#1665925146585-e00d40b4-c673\" data-vc-tabs data-vc-container=\".vc_tta\"><span class=\"vc_tta-title-text\">2009<\/span><\/a><\/li><li class=\"vc_tta-tab\" data-vc-tab><a href=\"#1665925161113-d71fae4c-6f43\" data-vc-tabs data-vc-container=\".vc_tta\"><span class=\"vc_tta-title-text\">2022<\/span><\/a><\/li><\/ul><\/div><div class=\"vc_tta-panels-container\"><div class=\"vc_tta-panels\"><div class=\"vc_tta-panel vc_active\" id=\"1665925090148-88225509-13a0\" data-vc-content=\".vc_tta-panel-body\"><div class=\"vc_tta-panel-heading\"><h4 class=\"vc_tta-panel-title\"><a href=\"#1665925090148-88225509-13a0\" data-vc-accordion data-vc-container=\".vc_tta-container\"><span class=\"vc_tta-title-text\">1999<\/span><\/a><\/h4><\/div><div class=\"vc_tta-panel-body\">\n\t<div class=\"wpb_text_column wpb_content_element\" >\n\t\t<div class=\"wpb_wrapper\">\n\t\t\t<p style=\"text-align: center;\">Our commercial life started in 1999 in Hatay \/ Antakya in a 40 square meter workplace around the old bus station. Our founder Necmeddin USTURA (Necmi Usta) rolled up his sleeves to offer a more delicious chicken doner.<\/p>\n\n\t\t<\/div>\n\t<\/div>\n<div class=\"vc_empty_space  height_large\"   style=\"height: 32px\"><span class=\"vc_empty_space_inner\"><\/span><\/div><\/div><\/div><div class=\"vc_tta-panel\" id=\"1665925090167-3e2c6504-a11c\" data-vc-content=\".vc_tta-panel-body\"><div class=\"vc_tta-panel-heading\"><h4 class=\"vc_tta-panel-title\"><a href=\"#1665925090167-3e2c6504-a11c\" data-vc-accordion data-vc-container=\".vc_tta-container\"><span class=\"vc_tta-title-text\">2000<\/span><\/a><\/h4><\/div><div class=\"vc_tta-panel-body\">\n\t<div class=\"wpb_text_column wpb_content_element\" >\n\t\t<div class=\"wpb_wrapper\">\n\t\t\t<p style=\"text-align: center;\">Necmi Usta decided to introduce his own production of mayonnaise to his customers. In addition, he seasoned and processed the chickens with his special sauce daily. He also produced this sauce himself, using handmade, completely naturally prepared pepper paste.<\/p>\n\n\t\t<\/div>\n\t<\/div>\n<\/div><\/div><div class=\"vc_tta-panel\" id=\"1665925129163-aad56265-dd34\" data-vc-content=\".vc_tta-panel-body\"><div class=\"vc_tta-panel-heading\"><h4 class=\"vc_tta-panel-title\"><a href=\"#1665925129163-aad56265-dd34\" data-vc-accordion data-vc-container=\".vc_tta-container\"><span class=\"vc_tta-title-text\">2004<\/span><\/a><\/h4><\/div><div class=\"vc_tta-panel-body\">\n\t<div class=\"wpb_text_column wpb_content_element\" >\n\t\t<div class=\"wpb_wrapper\">\n\t\t\t<p style=\"text-align: center;\">In 2004, it was moved to a larger, family room located in Sema Civelek business hall on Bankalar Caddesi. In this way, it had the opportunity to appeal to more customers. It started to deliver this special flavor to more customers.<\/p>\n\n\t\t<\/div>\n\t<\/div>\n<\/div><\/div><div class=\"vc_tta-panel\" id=\"1665925146585-e00d40b4-c673\" data-vc-content=\".vc_tta-panel-body\"><div class=\"vc_tta-panel-heading\"><h4 class=\"vc_tta-panel-title\"><a href=\"#1665925146585-e00d40b4-c673\" data-vc-accordion data-vc-container=\".vc_tta-container\"><span class=\"vc_tta-title-text\">2009<\/span><\/a><\/h4><\/div><div class=\"vc_tta-panel-body\">\n\t<div class=\"wpb_text_column wpb_content_element\" >\n\t\t<div class=\"wpb_wrapper\">\n\t\t\t<p style=\"text-align: center;\"><strong>Necmeddin USTURA<\/strong>\u00a0He decided to hand over the business to the masters he trained himself, including his son. The secret of this unique taste\u00a0<em><strong>Only<\/strong><\/em>\u00a0son-\u00a0<strong>Zeynel Abidin USTURA<\/strong>gave it to In this way, now\u00a0<strong>Antalya<\/strong>He was able to meet this wonderful taste in .<\/p>\n\n\t\t<\/div>\n\t<\/div>\n<\/div><\/div><div class=\"vc_tta-panel\" id=\"1665925161113-d71fae4c-6f43\" data-vc-content=\".vc_tta-panel-body\"><div class=\"vc_tta-panel-heading\"><h4 class=\"vc_tta-panel-title\"><a href=\"#1665925161113-d71fae4c-6f43\" data-vc-accordion data-vc-container=\".vc_tta-container\"><span class=\"vc_tta-title-text\">2022<\/span><\/a><\/h4><\/div><div class=\"vc_tta-panel-body\">\n\t<div class=\"wpb_text_column wpb_content_element\" >\n\t\t<div class=\"wpb_wrapper\">\n\t\t\t<p style=\"text-align: center;\"><strong>1999<\/strong>\u00a0Since then, it has only one branch in Antakya.\u00a0<strong>NECMI MASTER<\/strong>\u00a0It decided to open its second branch in Antalya, \u00c7a\u011flayan District. His son is in charge of the Antalya branch.<strong>\u00a0Zeynel Abidin USTURA<\/strong>is .<\/p>\n\n\t\t<\/div>\n\t<\/div>\n<\/div><\/div><\/div><\/div><\/div><\/div><div class=\"vc_empty_space  vc_custom_1489401622669 height_medium\"   style=\"height: 32px\"><span class=\"vc_empty_space_inner\"><\/span><\/div><\/div><\/div><\/div><div class=\"wpb_column vc_column_container vc_col-sm-4 sc_layouts_column_icons_position_left\"><div class=\"vc_column-inner\"><div class=\"wpb_wrapper\"><div class=\"vc_empty_space  height_large\"   style=\"height: 32px\"><span class=\"vc_empty_space_inner\"><\/span><\/div><div id=\"widget_video_1225957336\" class=\"widget_area sc_widget_video vc_widget_video wpb_content_element\"><aside id=\"widget_video_1225957336_widget\" class=\"widget widget_video\"><div class=\"trx_addons_video_player with_cover hover_play\"><img src=\"https:\/\/i0.wp.com\/necmiusta.com\/wp-content\/uploads\/2022\/10\/slider-2-760x428.jpg?fit=1920%2C855&#038;ssl=1\" alt=\"\"><div class=\"video_mask\"><\/div><div class=\"video_hover\" data-video=\"&lt;iframe title=&quot;Necmi Usta Antakya Merkez \u015eube&quot; width=&quot;1170&quot; height=&quot;658&quot; src=&quot;https:\/\/www.youtube.com\/embed\/vcRyGpiKlXQ?feature=oembed&amp;autoplay=1&quot; frameborder=&quot;0&quot; allow=&quot;accelerometer; autoplay; clipboard-write; encrypted-media; gyroscope; picture-in-picture&quot; allowfullscreen&gt;&lt;\/iframe&gt;\"><\/div><div class=\"video_embed video_frame\"><\/div><\/div><\/aside><\/div><div class=\"vc_empty_space  height_large\"   style=\"height: 32px\"><span class=\"vc_empty_space_inner\"><\/span><\/div><\/div><\/div><\/div><\/div><div data-vc-full-width=\"true\" data-vc-full-width-init=\"false\" data-vc-stretch-content=\"true\" class=\"vc_row wpb_row vc_row-fluid vc_custom_1665924871979 vc_row-has-fill vc_row-no-padding\"><div class=\"wpb_column vc_column_container vc_col-sm-12 sc_layouts_column_icons_position_left\"><div class=\"vc_column-inner\"><div class=\"wpb_wrapper\"><div class=\"vc_empty_space  vc_custom_1489078348786 height_large\"   style=\"height: 32px\"><span class=\"vc_empty_space_inner\"><\/span><\/div><div class=\"sc_testimonials sc_testimonials_default\"><h2 class=\"sc_item_title sc_testimonials_title sc_align_center sc_item_title_style_inverse sc_item_title_tag\">CUSTOMER COMMENTS<\/h2><h6 class=\"sc_item_subtitle sc_testimonials_subtitle sc_align_center sc_item_title_style_inverse\">Some google comments from you....<\/h6><div class=\"sc_testimonials_slider sc_item_slider\tslider_swiper_outer slider_outer_nocontrols slider_outer_pagination slider_outer_pagination_bullets slider_outer_pagination_pos_right slider_outer_one\">\n\t<div class=\"swiper-slider-container slider_swiper slider_noresize slider_nocontrols slider_pagination slider_pagination_bullets slider_pagination_pos_right slider_one\" data-slides-min-width=\"150\">\n\t\t<div class=\"slides swiper-wrapper sc_item_columns_1\"><div class=\"swiper-slide\"><div class=\"sc_testimonials_item\">\n    <div class=\"sc_testimonials_item_author\">\n                <div class=\"sc_testimonials_item_author_data\">\n            <h4 class=\"sc_testimonials_item_author_title\">Hatay&#039;s best flavor is definitely here.<\/h4>\n        <\/div>\n    <\/div>\n\t<div class=\"sc_testimonials_item_content\"><div class=\"jxjCjc\">\n<div>\n<div class=\"Jtu6Td\"><span tabindex=\"-1\" data-expandable-section=\"\">Hatay&#039;s best flavor is definitely here. If you want to eat local Hatay doner, my first suggestion will be this place. Let me tell you the taste is 11 out of 10 so enjoyable<\/span><\/div>\n<\/div>\n<\/div>\n<\/div>\n    <div class=\"sc_testimonials_item_author_subtitle\">Yasir DEMIR<\/div>\n\n<\/div>\n<\/div><div class=\"swiper-slide\"><div class=\"sc_testimonials_item\">\n    <div class=\"sc_testimonials_item_author\">\n                <div class=\"sc_testimonials_item_author_data\">\n            <h4 class=\"sc_testimonials_item_author_title\">A place that adds a different interpretation to Hatay doner.<\/h4>\n        <\/div>\n    <\/div>\n\t<div class=\"sc_testimonials_item_content\"><p>A place that adds a different interpretation to Hatay doner. The harmony of sweet ketchup and garlic mayonnaise can only be captured so well. Also, thank you for not embarrassing any of my guests.<\/p>\n<\/div>\n    <div class=\"sc_testimonials_item_author_subtitle\">Hasan CAN<\/div>\n\n<\/div>\n<\/div><div class=\"swiper-slide\"><div class=\"sc_testimonials_item\">\n    <div class=\"sc_testimonials_item_author\">\n                <div class=\"sc_testimonials_item_author_data\">\n            <h4 class=\"sc_testimonials_item_author_title\">When it comes to chicken doner, Hatay is number 1.<\/h4>\n        <\/div>\n    <\/div>\n\t<div class=\"sc_testimonials_item_content\"><p>When it comes to chicken doner, Hatay is number 1 \ud83d\ude09 Master Necmi is at the top, especially the sauce is very special. Fast Service and reasonable price. Health to your hands \ud83d\ude43\ud83d\ude42<\/p>\n<\/div>\n    <div class=\"sc_testimonials_item_author_subtitle\">Meltem ERTIT<\/div>\n\n<\/div>\n<\/div><\/div><div class=\"slider_pagination_wrap swiper-pagination\"><\/div><\/div><\/div><\/div><!-- \/.sc_testimonials --><div class=\"vc_empty_space  vc_custom_1489080731963 height_large\"   style=\"height: 32px\"><span class=\"vc_empty_space_inner\"><\/span><\/div><\/div><\/div><\/div><\/div><div class=\"vc_row-full-width vc_clearfix\"><\/div>","protected":false},"excerpt":{"rendered":"When it comes to chicken doner, Hatay is number 1 \ud83d\ude09 Master Necmi is at the top, especially the sauce is very special. Fast Service and reasonable price. Health to your hands \ud83d\ude43\ud83d\ude42","protected":false},"author":1,"featured_media":1111,"parent":0,"menu_order":0,"comment_status":"closed","ping_status":"closed","template":"","meta":{"om_disable_all_campaigns":false,"_monsterinsights_skip_tracking":false,"_monsterinsights_sitenote_active":false,"_monsterinsights_sitenote_note":"","_monsterinsights_sitenote_category":0,"footnotes":"","_joinchat":[]},"aioseo_notices":[],"_links":{"self":[{"href":"https:\/\/necmiusta.com\/en\/wp-json\/wp\/v2\/pages\/86"}],"collection":[{"href":"https:\/\/necmiusta.com\/en\/wp-json\/wp\/v2\/pages"}],"about":[{"href":"https:\/\/necmiusta.com\/en\/wp-json\/wp\/v2\/types\/page"}],"author":[{"embeddable":true,"href":"https:\/\/necmiusta.com\/en\/wp-json\/wp\/v2\/users\/1"}],"replies":[{"embeddable":true,"href":"https:\/\/necmiusta.com\/en\/wp-json\/wp\/v2\/comments?post=86"}],"version-history":[{"count":28,"href":"https:\/\/necmiusta.com\/en\/wp-json\/wp\/v2\/pages\/86\/revisions"}],"predecessor-version":[{"id":1420,"href":"https:\/\/necmiusta.com\/en\/wp-json\/wp\/v2\/pages\/86\/revisions\/1420"}],"wp:featuredmedia":[{"embeddable":true,"href":"https:\/\/necmiusta.com\/en\/wp-json\/wp\/v2\/media\/1111"}],"wp:attachment":[{"href":"https:\/\/necmiusta.com\/en\/wp-json\/wp\/v2\/media?parent=86"}],"curies":[{"name":"wp","href":"https:\/\/api.w.org\/{rel}","templated":true}]}}